{"id":1108,"date":"2025-06-07T12:32:48","date_gmt":"2025-06-07T12:32:48","guid":{"rendered":"https:\/\/guclumimarlik.com\/?page_id=1108"},"modified":"2025-06-08T22:15:32","modified_gmt":"2025-06-08T22:15:32","slug":"ekibimiz","status":"publish","type":"page","link":"https:\/\/guclumimarlik.com\/index.php\/ekibimiz\/","title":{"rendered":"Ekibimiz"},"content":{"rendered":"\t\t<div data-elementor-type=\"wp-page\" data-elementor-id=\"1108\" class=\"elementor elementor-1108\">\n\t\t\t\t\t\t<section class=\"elementor-section elementor-top-section elementor-element elementor-element-6a38a33d elementor-section-height-min-height elementor-section-boxed elementor-section-height-default elementor-section-items-middle\" data-id=\"6a38a33d\" data-element_type=\"section\" data-settings=\"{&quot;background_background&quot;:&quot;classic&quot;}\">\n\t\t\t\t\t\t\t<div class=\"elementor-background-overlay\"><\/div>\n\t\t\t\t\t\t\t<div class=\"elementor-container elementor-column-gap-default\">\n\t\t\t\t\t<div class=\"elementor-column elementor-col-100 elementor-top-column elementor-element elementor-element-2a4a8f96\" data-id=\"2a4a8f96\" data-element_type=\"column\">\n\t\t\t<div class=\"elementor-widget-wrap elementor-element-populated\">\n\t\t\t\t\t\t<div class=\"elementor-element elementor-element-54a2cc4b elementor-invisible elementor-widget elementor-widget-heading\" data-id=\"54a2cc4b\" data-element_type=\"widget\" data-settings=\"{&quot;_animation&quot;:&quot;fadeIn&quot;}\" data-widget_type=\"heading.default\">\n\t\t\t\t<div class=\"elementor-widget-container\">\n\t\t\t\t\t<h2 class=\"elementor-heading-title elementor-size-default\">Ekibmiz<\/h2>\t\t\t\t<\/div>\n\t\t\t\t<\/div>\n\t\t\t\t<div class=\"elementor-element elementor-element-3f4489c9 elementor-icon-list--layout-inline elementor-align-center elementor-list-item-link-full_width elementor-invisible elementor-widget elementor-widget-icon-list\" data-id=\"3f4489c9\" data-element_type=\"widget\" data-settings=\"{&quot;_animation&quot;:&quot;fadeIn&quot;,&quot;_animation_delay&quot;:200}\" data-widget_type=\"icon-list.default\">\n\t\t\t\t<div class=\"elementor-widget-container\">\n\t\t\t\t\t\t\t<ul class=\"elementor-icon-list-items elementor-inline-items\">\n\t\t\t\t\t\t\t<li class=\"elementor-icon-list-item elementor-inline-item\">\n\t\t\t\t\t\t\t\t\t\t\t<a href=\"#\">\n\n\t\t\t\t\t\t\t\t\t\t\t<span class=\"elementor-icon-list-text\">Ana Sayfa<\/span>\n\t\t\t\t\t\t\t\t\t\t\t<\/a>\n\t\t\t\t\t\t\t\t\t<\/li>\n\t\t\t\t\t\t\t\t<li class=\"elementor-icon-list-item elementor-inline-item\">\n\t\t\t\t\t\t\t\t\t\t\t<a href=\"#\">\n\n\t\t\t\t\t\t\t\t\t\t\t\t<span class=\"elementor-icon-list-icon\">\n\t\t\t\t\t\t\t<i aria-hidden=\"true\" class=\"icon icon-right-arrow\"><\/i>\t\t\t\t\t\t<\/span>\n\t\t\t\t\t\t\t\t\t\t<span class=\"elementor-icon-list-text\">Ekibimiz<\/span>\n\t\t\t\t\t\t\t\t\t\t\t<\/a>\n\t\t\t\t\t\t\t\t\t<\/li>\n\t\t\t\t\t\t<\/ul>\n\t\t\t\t\t\t<\/div>\n\t\t\t\t<\/div>\n\t\t\t\t\t<\/div>\n\t\t<\/div>\n\t\t\t\t\t<\/div>\n\t\t<\/section>\n\t\t\t\t<section class=\"elementor-section elementor-top-section elementor-element elementor-element-640baf37 elementor-section-boxed elementor-section-height-default elementor-section-height-default\" data-id=\"640baf37\" data-element_type=\"section\">\n\t\t\t\t\t\t<div class=\"elementor-container elementor-column-gap-default\">\n\t\t\t\t\t<div class=\"elementor-column elementor-col-100 elementor-top-column elementor-element elementor-element-2f8cf59a\" data-id=\"2f8cf59a\" data-element_type=\"column\">\n\t\t\t<div class=\"elementor-widget-wrap elementor-element-populated\">\n\t\t\t\t\t\t<section class=\"elementor-section elementor-inner-section elementor-element elementor-element-29d3d7ec elementor-section-boxed elementor-section-height-default elementor-section-height-default\" data-id=\"29d3d7ec\" data-element_type=\"section\">\n\t\t\t\t\t\t<div class=\"elementor-container elementor-column-gap-default\">\n\t\t\t\t\t<div class=\"elementor-column elementor-col-33 elementor-inner-column elementor-element elementor-element-5cfbdfa6 elementor-invisible\" data-id=\"5cfbdfa6\" data-element_type=\"column\" data-settings=\"{&quot;animation&quot;:&quot;fadeIn&quot;,&quot;animation_delay&quot;:200}\">\n\t\t\t<div class=\"elementor-widget-wrap elementor-element-populated\">\n\t\t\t\t\t\t<div class=\"elementor-element elementor-element-5fe6fd73 elementor-widget elementor-widget-image\" data-id=\"5fe6fd73\" data-element_type=\"widget\" data-widget_type=\"image.default\">\n\t\t\t\t<div class=\"elementor-widget-container\">\n\t\t\t\t\t\t\t\t\t\t\t\t\t\t\t<img fetchpriority=\"high\" decoding=\"async\" width=\"847\" height=\"847\" src=\"https:\/\/guclumimarlik.com\/wp-content\/uploads\/2025\/05\/Adsiz-tasarim-2025-06-04T180225.161-1024x1024.png\" class=\"attachment-large size-large wp-image-437\" alt=\"\" srcset=\"https:\/\/guclumimarlik.com\/wp-content\/uploads\/2025\/05\/Adsiz-tasarim-2025-06-04T180225.161-1024x1024.png 1024w, https:\/\/guclumimarlik.com\/wp-content\/uploads\/2025\/05\/Adsiz-tasarim-2025-06-04T180225.161-300x300.png 300w, https:\/\/guclumimarlik.com\/wp-content\/uploads\/2025\/05\/Adsiz-tasarim-2025-06-04T180225.161-150x150.png 150w, https:\/\/guclumimarlik.com\/wp-content\/uploads\/2025\/05\/Adsiz-tasarim-2025-06-04T180225.161-768x768.png 768w, https:\/\/guclumimarlik.com\/wp-content\/uploads\/2025\/05\/Adsiz-tasarim-2025-06-04T180225.161.png 1120w\" sizes=\"(max-width: 847px) 100vw, 847px\" \/>\t\t\t\t\t\t\t\t\t\t\t\t\t\t\t<\/div>\n\t\t\t\t<\/div>\n\t\t\t\t<div class=\"elementor-element elementor-element-13eb6610 elementor-widget-divider--view-line elementor-widget elementor-widget-divider\" data-id=\"13eb6610\" data-element_type=\"widget\" data-widget_type=\"divider.default\">\n\t\t\t\t<div class=\"elementor-widget-container\">\n\t\t\t\t\t\t\t<div class=\"elementor-divider\">\n\t\t\t<span class=\"elementor-divider-separator\">\n\t\t\t\t\t\t<\/span>\n\t\t<\/div>\n\t\t\t\t\t\t<\/div>\n\t\t\t\t<\/div>\n\t\t\t\t<div class=\"elementor-element elementor-element-1dcd9c9e elementor-widget__width-initial elementor-widget elementor-widget-heading\" data-id=\"1dcd9c9e\" data-element_type=\"widget\" data-widget_type=\"heading.default\">\n\t\t\t\t<div class=\"elementor-widget-container\">\n\t\t\t\t\t<h3 class=\"elementor-heading-title elementor-size-default\">Ercan G\u00fc\u00e7l\u00fc<\/h3>\t\t\t\t<\/div>\n\t\t\t\t<\/div>\n\t\t\t\t<div class=\"elementor-element elementor-element-6588dd7 elementor-widget elementor-widget-text-editor\" data-id=\"6588dd7\" data-element_type=\"widget\" data-widget_type=\"text-editor.default\">\n\t\t\t\t<div class=\"elementor-widget-container\">\n\t\t\t\t\t\t\t\t\t<p>Genel M\u00fcd\u00fcr<\/p>\t\t\t\t\t\t\t\t<\/div>\n\t\t\t\t<\/div>\n\t\t\t\t\t<\/div>\n\t\t<\/div>\n\t\t\t\t<div class=\"elementor-column elementor-col-33 elementor-inner-column elementor-element elementor-element-2f63d01b elementor-invisible\" data-id=\"2f63d01b\" data-element_type=\"column\" data-settings=\"{&quot;animation&quot;:&quot;fadeIn&quot;,&quot;animation_delay&quot;:300}\">\n\t\t\t<div class=\"elementor-widget-wrap elementor-element-populated\">\n\t\t\t\t\t\t<div class=\"elementor-element elementor-element-70f6e8de elementor-widget elementor-widget-image\" data-id=\"70f6e8de\" data-element_type=\"widget\" data-widget_type=\"image.default\">\n\t\t\t\t<div class=\"elementor-widget-container\">\n\t\t\t\t\t\t\t\t\t\t\t\t\t\t\t<img fetchpriority=\"high\" decoding=\"async\" width=\"847\" height=\"847\" src=\"https:\/\/guclumimarlik.com\/wp-content\/uploads\/2025\/05\/Adsiz-tasarim-2025-06-04T180225.161-1024x1024.png\" class=\"attachment-large size-large wp-image-437\" alt=\"\" srcset=\"https:\/\/guclumimarlik.com\/wp-content\/uploads\/2025\/05\/Adsiz-tasarim-2025-06-04T180225.161-1024x1024.png 1024w, https:\/\/guclumimarlik.com\/wp-content\/uploads\/2025\/05\/Adsiz-tasarim-2025-06-04T180225.161-300x300.png 300w, https:\/\/guclumimarlik.com\/wp-content\/uploads\/2025\/05\/Adsiz-tasarim-2025-06-04T180225.161-150x150.png 150w, https:\/\/guclumimarlik.com\/wp-content\/uploads\/2025\/05\/Adsiz-tasarim-2025-06-04T180225.161-768x768.png 768w, https:\/\/guclumimarlik.com\/wp-content\/uploads\/2025\/05\/Adsiz-tasarim-2025-06-04T180225.161.png 1120w\" sizes=\"(max-width: 847px) 100vw, 847px\" \/>\t\t\t\t\t\t\t\t\t\t\t\t\t\t\t<\/div>\n\t\t\t\t<\/div>\n\t\t\t\t<div class=\"elementor-element elementor-element-46e72517 elementor-widget-divider--view-line elementor-widget elementor-widget-divider\" data-id=\"46e72517\" data-element_type=\"widget\" data-widget_type=\"divider.default\">\n\t\t\t\t<div class=\"elementor-widget-container\">\n\t\t\t\t\t\t\t<div class=\"elementor-divider\">\n\t\t\t<span class=\"elementor-divider-separator\">\n\t\t\t\t\t\t<\/span>\n\t\t<\/div>\n\t\t\t\t\t\t<\/div>\n\t\t\t\t<\/div>\n\t\t\t\t<div class=\"elementor-element elementor-element-18aae225 elementor-widget__width-initial elementor-widget elementor-widget-heading\" data-id=\"18aae225\" data-element_type=\"widget\" data-widget_type=\"heading.default\">\n\t\t\t\t<div class=\"elementor-widget-container\">\n\t\t\t\t\t<h3 class=\"elementor-heading-title elementor-size-default\">Muzaffer G\u00fc\u00e7l\u00fc<\/h3>\t\t\t\t<\/div>\n\t\t\t\t<\/div>\n\t\t\t\t<div class=\"elementor-element elementor-element-52780edd elementor-widget__width-auto elementor-widget elementor-widget-elementskit-social-media\" data-id=\"52780edd\" data-element_type=\"widget\" data-widget_type=\"elementskit-social-media.default\">\n\t\t\t\t<div class=\"elementor-widget-container\">\n\t\t\t\t\t<div class=\"ekit-wid-con\" >\t\t\t <ul class=\"ekit_social_media\">\n\t\t\t\t\t\t\t\t\t\t\t\t\t\t<li class=\"elementor-repeater-item-563b7dc\">\n\t\t\t\t\t    <a\n\t\t\t\t\t\thref=\"https:\/\/facebook.com\" aria-label=\"FB\" class=\"facebook\" >\n\t\t\t\t\t\t\t                                                        FB                                                                                <\/a>\n                    <\/li>\n                    \t\t\t\t\t\t\t\t\t\t\t\t\t\t<li class=\"elementor-repeater-item-17b4459\">\n\t\t\t\t\t    <a\n\t\t\t\t\t\thref=\"https:\/\/facebook.com\" aria-label=\"TW\" class=\"twitter\" >\n\t\t\t\t\t\t\t                                                        TW                                                                                <\/a>\n                    <\/li>\n                    \t\t\t\t\t\t\t\t\t\t\t\t\t\t<li class=\"elementor-repeater-item-0b75189\">\n\t\t\t\t\t    <a\n\t\t\t\t\t\thref=\"https:\/\/facebook.com\" aria-label=\"LN\" class=\"linkedin\" >\n\t\t\t\t\t\t\t                                                        LN                                                                                <\/a>\n                    <\/li>\n                    \t\t\t\t\t\t\t<\/ul>\n\t\t<\/div>\t\t\t\t<\/div>\n\t\t\t\t<\/div>\n\t\t\t\t<div class=\"elementor-element elementor-element-53ccf36b elementor-widget elementor-widget-text-editor\" data-id=\"53ccf36b\" data-element_type=\"widget\" data-widget_type=\"text-editor.default\">\n\t\t\t\t<div class=\"elementor-widget-container\">\n\t\t\t\t\t\t\t\t\t<p>Mimari P.S\u00a0<\/p>\t\t\t\t\t\t\t\t<\/div>\n\t\t\t\t<\/div>\n\t\t\t\t\t<\/div>\n\t\t<\/div>\n\t\t\t\t<div class=\"elementor-column elementor-col-33 elementor-inner-column elementor-element elementor-element-7938f9b4 elementor-invisible\" data-id=\"7938f9b4\" data-element_type=\"column\" data-settings=\"{&quot;animation&quot;:&quot;fadeIn&quot;,&quot;animation_delay&quot;:400}\">\n\t\t\t<div class=\"elementor-widget-wrap elementor-element-populated\">\n\t\t\t\t\t\t<div class=\"elementor-element elementor-element-14a338a8 elementor-widget elementor-widget-image\" data-id=\"14a338a8\" data-element_type=\"widget\" data-widget_type=\"image.default\">\n\t\t\t\t<div class=\"elementor-widget-container\">\n\t\t\t\t\t\t\t\t\t\t\t\t\t\t\t<img fetchpriority=\"high\" decoding=\"async\" width=\"847\" height=\"847\" src=\"https:\/\/guclumimarlik.com\/wp-content\/uploads\/2025\/05\/Adsiz-tasarim-2025-06-04T180225.161-1024x1024.png\" class=\"attachment-large size-large wp-image-437\" alt=\"\" srcset=\"https:\/\/guclumimarlik.com\/wp-content\/uploads\/2025\/05\/Adsiz-tasarim-2025-06-04T180225.161-1024x1024.png 1024w, https:\/\/guclumimarlik.com\/wp-content\/uploads\/2025\/05\/Adsiz-tasarim-2025-06-04T180225.161-300x300.png 300w, https:\/\/guclumimarlik.com\/wp-content\/uploads\/2025\/05\/Adsiz-tasarim-2025-06-04T180225.161-150x150.png 150w, https:\/\/guclumimarlik.com\/wp-content\/uploads\/2025\/05\/Adsiz-tasarim-2025-06-04T180225.161-768x768.png 768w, https:\/\/guclumimarlik.com\/wp-content\/uploads\/2025\/05\/Adsiz-tasarim-2025-06-04T180225.161.png 1120w\" sizes=\"(max-width: 847px) 100vw, 847px\" \/>\t\t\t\t\t\t\t\t\t\t\t\t\t\t\t<\/div>\n\t\t\t\t<\/div>\n\t\t\t\t<div class=\"elementor-element elementor-element-14efdd25 elementor-widget-divider--view-line elementor-widget elementor-widget-divider\" data-id=\"14efdd25\" data-element_type=\"widget\" data-widget_type=\"divider.default\">\n\t\t\t\t<div class=\"elementor-widget-container\">\n\t\t\t\t\t\t\t<div class=\"elementor-divider\">\n\t\t\t<span class=\"elementor-divider-separator\">\n\t\t\t\t\t\t<\/span>\n\t\t<\/div>\n\t\t\t\t\t\t<\/div>\n\t\t\t\t<\/div>\n\t\t\t\t<div class=\"elementor-element elementor-element-22ca378 elementor-widget__width-initial elementor-widget elementor-widget-heading\" data-id=\"22ca378\" data-element_type=\"widget\" data-widget_type=\"heading.default\">\n\t\t\t\t<div class=\"elementor-widget-container\">\n\t\t\t\t\t<h3 class=\"elementor-heading-title elementor-size-default\">Emrah G\u00fc\u00e7l\u00fc<\/h3>\t\t\t\t<\/div>\n\t\t\t\t<\/div>\n\t\t\t\t<div class=\"elementor-element elementor-element-6fd4a70 elementor-widget__width-auto elementor-widget elementor-widget-elementskit-social-media\" data-id=\"6fd4a70\" data-element_type=\"widget\" data-widget_type=\"elementskit-social-media.default\">\n\t\t\t\t<div class=\"elementor-widget-container\">\n\t\t\t\t\t<div class=\"ekit-wid-con\" >\t\t\t <ul class=\"ekit_social_media\">\n\t\t\t\t\t\t\t\t\t\t\t\t\t\t<li class=\"elementor-repeater-item-563b7dc\">\n\t\t\t\t\t    <a\n\t\t\t\t\t\thref=\"https:\/\/facebook.com\" aria-label=\"FB\" class=\"facebook\" >\n\t\t\t\t\t\t\t                                                        FB                                                                                <\/a>\n                    <\/li>\n                    \t\t\t\t\t\t\t\t\t\t\t\t\t\t<li class=\"elementor-repeater-item-17b4459\">\n\t\t\t\t\t    <a\n\t\t\t\t\t\thref=\"https:\/\/facebook.com\" aria-label=\"TW\" class=\"twitter\" >\n\t\t\t\t\t\t\t                                                        TW                                                                                <\/a>\n                    <\/li>\n                    \t\t\t\t\t\t\t\t\t\t\t\t\t\t<li class=\"elementor-repeater-item-0b75189\">\n\t\t\t\t\t    <a\n\t\t\t\t\t\thref=\"https:\/\/facebook.com\" aria-label=\"LN\" class=\"linkedin\" >\n\t\t\t\t\t\t\t                                                        LN                                                                                <\/a>\n                    <\/li>\n                    \t\t\t\t\t\t\t<\/ul>\n\t\t<\/div>\t\t\t\t<\/div>\n\t\t\t\t<\/div>\n\t\t\t\t<div class=\"elementor-element elementor-element-730be840 elementor-widget elementor-widget-text-editor\" data-id=\"730be840\" data-element_type=\"widget\" data-widget_type=\"text-editor.default\">\n\t\t\t\t<div class=\"elementor-widget-container\">\n\t\t\t\t\t\t\t\t\t<p>\u0130malat Yap\u0131 Kordinat\u00f6r\u00fc<\/p>\t\t\t\t\t\t\t\t<\/div>\n\t\t\t\t<\/div>\n\t\t\t\t\t<\/div>\n\t\t<\/div>\n\t\t\t\t\t<\/div>\n\t\t<\/section>\n\t\t\t\t\t<\/div>\n\t\t<\/div>\n\t\t\t\t\t<\/div>\n\t\t<\/section>\n\t\t\t\t<\/div>\n\t\t","protected":false},"excerpt":{"rendered":"<p>Ekibmiz Ana Sayfa Ekibimiz Ercan G\u00fc\u00e7l\u00fc Genel M\u00fcd\u00fcr Muzaffer G\u00fc\u00e7l\u00fc FB TW LN Mimari P.S\u00a0 Emrah G\u00fc\u00e7l\u00fc FB TW LN \u0130malat Yap\u0131 Kordinat\u00f6r\u00fc<\/p>\n","protected":false},"author":1,"featured_media":0,"parent":0,"menu_order":0,"comment_status":"closed","ping_status":"closed","template":"elementor_canvas","meta":{"footnotes":""},"class_list":["post-1108","page","type-page","status-publish","hentry"],"_links":{"self":[{"href":"https:\/\/guclumimarlik.com\/index.php\/wp-json\/wp\/v2\/pages\/1108","targetHints":{"allow":["GET"]}}],"collection":[{"href":"https:\/\/guclumimarlik.com\/index.php\/wp-json\/wp\/v2\/pages"}],"about":[{"href":"https:\/\/guclumimarlik.com\/index.php\/wp-json\/wp\/v2\/types\/page"}],"author":[{"embeddable":true,"href":"https:\/\/guclumimarlik.com\/index.php\/wp-json\/wp\/v2\/users\/1"}],"replies":[{"embeddable":true,"href":"https:\/\/guclumimarlik.com\/index.php\/wp-json\/wp\/v2\/comments?post=1108"}],"version-history":[{"count":13,"href":"https:\/\/guclumimarlik.com\/index.php\/wp-json\/wp\/v2\/pages\/1108\/revisions"}],"predecessor-version":[{"id":1519,"href":"https:\/\/guclumimarlik.com\/index.php\/wp-json\/wp\/v2\/pages\/1108\/revisions\/1519"}],"wp:attachment":[{"href":"https:\/\/guclumimarlik.com\/index.php\/wp-json\/wp\/v2\/media?parent=1108"}],"curies":[{"name":"wp","href":"https:\/\/api.w.org\/{rel}","templated":true}]}}