{"id":179,"date":"2025-06-01T22:24:20","date_gmt":"2025-06-01T22:24:20","guid":{"rendered":"https:\/\/guclumimarlik.com\/?page_id=179"},"modified":"2025-06-14T10:36:27","modified_gmt":"2025-06-14T10:36:27","slug":"kurumsal","status":"publish","type":"page","link":"https:\/\/guclumimarlik.com\/index.php\/kurumsal\/","title":{"rendered":"Kurumsal"},"content":{"rendered":"\t\t<div data-elementor-type=\"wp-page\" data-elementor-id=\"179\" class=\"elementor elementor-179\">\n\t\t\t\t\t\t<section class=\"elementor-section elementor-top-section elementor-element elementor-element-46666270 elementor-section-height-min-height elementor-section-boxed elementor-section-height-default elementor-section-items-middle\" data-id=\"46666270\" data-element_type=\"section\" data-settings=\"{&quot;background_background&quot;:&quot;classic&quot;}\">\n\t\t\t\t\t\t\t<div class=\"elementor-background-overlay\"><\/div>\n\t\t\t\t\t\t\t<div class=\"elementor-container elementor-column-gap-default\">\n\t\t\t\t\t<div class=\"elementor-column elementor-col-100 elementor-top-column elementor-element elementor-element-2c76e89f\" data-id=\"2c76e89f\" data-element_type=\"column\">\n\t\t\t<div class=\"elementor-widget-wrap elementor-element-populated\">\n\t\t\t\t\t\t<div class=\"elementor-element elementor-element-5875bbd elementor-invisible elementor-widget elementor-widget-heading\" data-id=\"5875bbd\" data-element_type=\"widget\" data-settings=\"{&quot;_animation&quot;:&quot;fadeIn&quot;}\" data-widget_type=\"heading.default\">\n\t\t\t\t<div class=\"elementor-widget-container\">\n\t\t\t\t\t<h2 class=\"elementor-heading-title elementor-size-default\">Kurumsal<\/h2>\t\t\t\t<\/div>\n\t\t\t\t<\/div>\n\t\t\t\t<div class=\"elementor-element elementor-element-49176d4b elementor-icon-list--layout-inline elementor-align-center elementor-list-item-link-full_width elementor-invisible elementor-widget elementor-widget-icon-list\" data-id=\"49176d4b\" data-element_type=\"widget\" data-settings=\"{&quot;_animation&quot;:&quot;fadeIn&quot;,&quot;_animation_delay&quot;:200}\" data-widget_type=\"icon-list.default\">\n\t\t\t\t<div class=\"elementor-widget-container\">\n\t\t\t\t\t\t\t<ul class=\"elementor-icon-list-items elementor-inline-items\">\n\t\t\t\t\t\t\t<li class=\"elementor-icon-list-item elementor-inline-item\">\n\t\t\t\t\t\t\t\t\t\t\t<a href=\"#\">\n\n\t\t\t\t\t\t\t\t\t\t\t<span class=\"elementor-icon-list-text\">Ana Sayfa<\/span>\n\t\t\t\t\t\t\t\t\t\t\t<\/a>\n\t\t\t\t\t\t\t\t\t<\/li>\n\t\t\t\t\t\t\t\t<li class=\"elementor-icon-list-item elementor-inline-item\">\n\t\t\t\t\t\t\t\t\t\t\t<a href=\"#\">\n\n\t\t\t\t\t\t\t\t\t\t\t\t<span class=\"elementor-icon-list-icon\">\n\t\t\t\t\t\t\t<i aria-hidden=\"true\" class=\"icon icon-right-arrow\"><\/i>\t\t\t\t\t\t<\/span>\n\t\t\t\t\t\t\t\t\t\t<span class=\"elementor-icon-list-text\">Kurumsal<\/span>\n\t\t\t\t\t\t\t\t\t\t\t<\/a>\n\t\t\t\t\t\t\t\t\t<\/li>\n\t\t\t\t\t\t<\/ul>\n\t\t\t\t\t\t<\/div>\n\t\t\t\t<\/div>\n\t\t\t\t\t<\/div>\n\t\t<\/div>\n\t\t\t\t\t<\/div>\n\t\t<\/section>\n\t\t<div class=\"elementor-element elementor-element-e2991cb e-con-full e-flex e-con e-parent\" data-id=\"e2991cb\" data-element_type=\"container\" data-settings=\"{&quot;background_background&quot;:&quot;classic&quot;}\">\n\t\t<div class=\"elementor-element elementor-element-1f069a6 e-con-full e-flex e-con e-child\" data-id=\"1f069a6\" data-element_type=\"container\">\n\t\t\t\t<div class=\"elementor-element elementor-element-e148bd6 elementor-invisible elementor-widget elementor-widget-elementskit-heading\" data-id=\"e148bd6\" data-element_type=\"widget\" data-settings=\"{&quot;_animation&quot;:&quot;fadeIn&quot;}\" data-widget_type=\"elementskit-heading.default\">\n\t\t\t\t<div class=\"elementor-widget-container\">\n\t\t\t\t\t<div class=\"ekit-wid-con\" ><div class=\"ekit-heading elementskit-section-title-wraper text_left   ekit_heading_tablet-   ekit_heading_mobile-\"><h2 class=\"ekit-heading--title elementskit-section-title \">G\u00fc\u00e7l\u00fc Mimarl\u0131k<\/h2><\/div><\/div>\t\t\t\t<\/div>\n\t\t\t\t<\/div>\n\t\t\t\t<div class=\"elementor-element elementor-element-ba82a3e elementor-invisible elementor-widget elementor-widget-text-editor\" data-id=\"ba82a3e\" data-element_type=\"widget\" data-settings=\"{&quot;_animation&quot;:&quot;fadeIn&quot;,&quot;_animation_delay&quot;:200}\" data-widget_type=\"text-editor.default\">\n\t\t\t\t<div class=\"elementor-widget-container\">\n\t\t\t\t\t\t\t\t\t<p data-start=\"104\" data-end=\"434\"><strong data-start=\"104\" data-end=\"122\">G\u00fc\u00e7l\u00fc Mimarl\u0131k<\/strong>, yenilik\u00e7i tasar\u0131m anlay\u0131\u015f\u0131 ve m\u00fchendislik disipliniyle 2000\u2019li y\u0131llardan bu yana mimarl\u0131k ve in\u015faat sekt\u00f6r\u00fcnde faaliyet g\u00f6stermektedir. Merkezi \u0130stanbul\u2019da bulunan firmam\u0131z; ba\u015fta konut, villa, ticari yap\u0131lar ve karma projeler olmak \u00fczere, \u00e7a\u011fda\u015f, estetik ve s\u00fcrd\u00fcr\u00fclebilir yap\u0131lar in\u015fa etmeyi ilke edinmi\u015ftir.<\/p><p data-start=\"436\" data-end=\"753\"><strong data-start=\"436\" data-end=\"490\">Kurtk\u00f6y, Dar\u0131ca Bayramo\u011flu, Pendik ve Tuzla Marina<\/strong> gibi b\u00f6lgelerde tamamlad\u0131\u011f\u0131m\u0131z projelerle, kullan\u0131c\u0131 odakl\u0131 mimari \u00e7\u00f6z\u00fcmler sunarak b\u00f6lgeye de\u011fer katan yap\u0131lar tasarl\u0131yoruz. Kalite, g\u00fcven ve zaman\u0131nda teslim ilkeleri do\u011frultusunda, hem bireysel hem de kurumsal projelerde \u00e7\u00f6z\u00fcm orta\u011f\u0131 olmaktan gurur duyuyoruz.<\/p><p data-start=\"755\" data-end=\"801\">\u015eirketimizin y\u00f6netim ve uygulama kadrosunda:<\/p><ul data-start=\"802\" data-end=\"1148\"><li data-start=\"802\" data-end=\"895\"><p data-start=\"804\" data-end=\"895\"><strong data-start=\"804\" data-end=\"819\">Ercan G\u00fc\u00e7l\u00fc<\/strong>, firma m\u00fcd\u00fcr\u00fc olarak t\u00fcm idari s\u00fcre\u00e7leri ve genel i\u015fleyi\u015fi y\u00f6netmektedir.<\/p><\/li><li data-start=\"896\" data-end=\"1012\"><p data-start=\"898\" data-end=\"1012\"><strong data-start=\"898\" data-end=\"913\">Emrah G\u00fc\u00e7l\u00fc<\/strong>, \u015fantiye ve saha sorumlusu olarak projelerin sahadaki uygulama ve koordinasyonunu sa\u011flamaktad\u0131r.<\/p><\/li><li data-start=\"1013\" data-end=\"1148\"><p data-start=\"1015\" data-end=\"1148\"><strong data-start=\"1015\" data-end=\"1033\">Muzaffer G\u00fc\u00e7l\u00fc<\/strong>, mimari proje sorumlusu olarak tasar\u0131m s\u00fcrecinden uygulamaya kadar t\u00fcm mimari a\u015famalar\u0131n kontrol\u00fcn\u00fc y\u00fcr\u00fctmektedir.<\/p><\/li><\/ul>\t\t\t\t\t\t\t\t<\/div>\n\t\t\t\t<\/div>\n\t\t\t\t<\/div>\n\t\t<div class=\"elementor-element elementor-element-dc2a784 e-con-full e-flex e-con e-child\" data-id=\"dc2a784\" data-element_type=\"container\">\n\t\t\t\t<div class=\"elementor-element elementor-element-3cdb2cc elementor-widget elementor-widget-premium-addon-video-box\" data-id=\"3cdb2cc\" data-element_type=\"widget\" data-settings=\"{&quot;premium_video_box_video_type&quot;:&quot;self&quot;}\" data-widget_type=\"premium-addon-video-box.default\">\n\t\t\t\t<div class=\"elementor-widget-container\">\n\t\t\t\t\t\r\n\t\t\r\n\t\t\t\t\t<div id=\"premium-video-box-container-3cdb2cc\" class=\"premium-video-box-container\" data-overlay=\"false\" data-type=\"self\" data-thumbnail=\"1\" data-hover=\"none\">\r\n\t\t\t\t<div  >\r\n\t\t\t\t\t\r\n\t\t\t\t\t<div class=\"premium-video-box-inner-wrap\" data-video-animation=\" animated-\" data-delay-animation=\"\">\r\n\t\t\t\t\t\t<div class=\"premium-video-box-video-container\">\r\n\t\t\t\t\t\t\t\r\n\t\t\t\t\t\t\t\t\t\t\t\t\t\t\t<video src=\"https:\/\/guclumimarlik.com\/wp-content\/uploads\/2025\/06\/Isimsiz-video-\u2010-Clipchamp-ile-yapildi-41.mp4\"  controlsList=\"nodownload\"><\/video>\r\n\t\t\t\t\t\t\t\t\t\t\t\t\t<\/div>\r\n\t\t\t\t\t\t\t<div style=\"background-image:transparent\" class=\"premium-video-box-image-container none\"><\/div>\r\n\t\t\t\t\t\t\t\t\t\t\t\t\t\t\t\t\t\t\t\t\t\t\t\t\t\t\t<div class=\"premium-video-box-play-icon-container\">\r\n\t\t\t\t\t\t\t\t<i class=\"premium-video-box-play-icon fa fa-play fa-lg\"><\/i>\r\n\t\t\t\t\t\t\t<\/div>\r\n\t\t\t\t\t\t\t\t\t\t\t\t\t\t\t\t\t<\/div>\r\n\r\n\t\t\t\t<\/div>\r\n\t\t\t<\/div>\r\n\t\t\r\n\t\t\t\t\t\t<\/div>\n\t\t\t\t<\/div>\n\t\t\t\t<\/div>\n\t\t\t\t<\/div>\n\t\t\t\t<section class=\"elementor-section elementor-top-section elementor-element elementor-element-5b112b00 elementor-section-boxed elementor-section-height-default elementor-section-height-default\" data-id=\"5b112b00\" data-element_type=\"section\">\n\t\t\t\t\t\t<div class=\"elementor-container elementor-column-gap-default\">\n\t\t\t\t\t<div class=\"elementor-column elementor-col-100 elementor-top-column elementor-element elementor-element-5dc9d3f1\" data-id=\"5dc9d3f1\" data-element_type=\"column\">\n\t\t\t<div class=\"elementor-widget-wrap elementor-element-populated\">\n\t\t\t\t\t\t<div class=\"elementor-element elementor-element-ce0d9f2 elementor-widget__width-initial elementor-widget-mobile__width-inherit elementor-invisible elementor-widget elementor-widget-elementskit-heading\" data-id=\"ce0d9f2\" data-element_type=\"widget\" data-settings=\"{&quot;_animation&quot;:&quot;fadeIn&quot;,&quot;_animation_delay&quot;:200}\" data-widget_type=\"elementskit-heading.default\">\n\t\t\t\t<div class=\"elementor-widget-container\">\n\t\t\t\t\t<div class=\"ekit-wid-con\" ><div class=\"ekit-heading elementskit-section-title-wraper text_left   ekit_heading_tablet-   ekit_heading_mobile-\"><h2 class=\"ekit-heading--title elementskit-section-title \">Vizyonumuz ve misyonumuz<\/h2><\/div><\/div>\t\t\t\t<\/div>\n\t\t\t\t<\/div>\n\t\t\t\t<div class=\"elementor-element elementor-element-7611236 elementor-invisible elementor-widget elementor-widget-text-editor\" data-id=\"7611236\" data-element_type=\"widget\" data-settings=\"{&quot;_animation&quot;:&quot;fadeIn&quot;,&quot;_animation_delay&quot;:200}\" data-widget_type=\"text-editor.default\">\n\t\t\t\t<div class=\"elementor-widget-container\">\n\t\t\t\t\t\t\t\t\t<p data-start=\"279\" data-end=\"611\">G\u00fc\u00e7l\u00fc Mimarl\u0131k olarak vizyonumuz;<br data-start=\"974\" data-end=\"977\" \/><strong data-start=\"977\" data-end=\"1147\">mimarl\u0131k ve in\u015faat sekt\u00f6r\u00fcnde yenilik\u00e7i \u00e7\u00f6z\u00fcmler \u00fcreten, estetik ile fonksiyonelli\u011fi birle\u015ftiren, \u00e7evreye duyarl\u0131 projelerle b\u00f6lgesel ve ulusal \u00f6l\u00e7ekte \u00f6nc\u00fc bir marka<\/strong> olmakt\u0131r.<br data-start=\"1157\" data-end=\"1160\" \/>Kentsel geli\u015fime katk\u0131 sa\u011flayan, uzun \u00f6m\u00fcrl\u00fc ve \u00e7a\u011fda\u015f yap\u0131larla sekt\u00f6rde iz b\u0131rakmay\u0131 hedefliyoruz.<br \/><br \/><\/p><p data-start=\"1286\" data-end=\"1614\">Her projede y\u00fcksek kalite standartlar\u0131n\u0131 esas alarak;<br data-start=\"1339\" data-end=\"1342\" \/><strong data-start=\"1342\" data-end=\"1483\">m\u00fc\u015fteri memnuniyetini \u00f6n planda tutan, teknik detaylara h\u00e2kim, ekonomik ve \u00e7evreci \u00e7\u00f6z\u00fcmler sunan bir mimarl\u0131k anlay\u0131\u015f\u0131n\u0131 yayg\u0131nla\u015ft\u0131rmak<\/strong> bizim temel misyonumuzdur.<br data-start=\"1510\" data-end=\"1513\" \/>Tasar\u0131m, uygulama ve teslim s\u00fcre\u00e7lerinde \u015feffaf, planl\u0131 ve s\u00fcrd\u00fcr\u00fclebilir bir yakla\u015f\u0131m\u0131 benimsiyoruz.<\/p>\t\t\t\t\t\t\t\t<\/div>\n\t\t\t\t<\/div>\n\t\t\t\t\t<\/div>\n\t\t<\/div>\n\t\t\t\t\t<\/div>\n\t\t<\/section>\n\t\t\t\t<section class=\"elementor-section elementor-top-section elementor-element elementor-element-76c5e91d elementor-section-boxed elementor-section-height-default elementor-section-height-default\" data-id=\"76c5e91d\" data-element_type=\"section\" data-settings=\"{&quot;background_background&quot;:&quot;classic&quot;}\">\n\t\t\t\t\t\t\t<div class=\"elementor-background-overlay\"><\/div>\n\t\t\t\t\t\t\t<div class=\"elementor-container elementor-column-gap-default\">\n\t\t\t\t\t<div class=\"elementor-column elementor-col-100 elementor-top-column elementor-element elementor-element-20f4fa5e\" data-id=\"20f4fa5e\" data-element_type=\"column\">\n\t\t\t<div class=\"elementor-widget-wrap elementor-element-populated\">\n\t\t\t\t\t\t<div class=\"elementor-element elementor-element-693af9ad elementor-widget-mobile__width-inherit elementor-invisible elementor-widget elementor-widget-elementskit-heading\" data-id=\"693af9ad\" data-element_type=\"widget\" data-settings=\"{&quot;_animation&quot;:&quot;fadeIn&quot;}\" data-widget_type=\"elementskit-heading.default\">\n\t\t\t\t<div class=\"elementor-widget-container\">\n\t\t\t\t\t<div class=\"ekit-wid-con\" ><div class=\"ekit-heading elementskit-section-title-wraper text_center   ekit_heading_tablet-   ekit_heading_mobile-\"><h2 class=\"ekit-heading--title elementskit-section-title \">2025 Y\u0131l\u0131na \u00f6zel Projeler<\/h2><\/div><\/div>\t\t\t\t<\/div>\n\t\t\t\t<\/div>\n\t\t\t\t<div class=\"elementor-element elementor-element-3e2d79c6 elementor-align-center elementor-invisible elementor-widget elementor-widget-button\" data-id=\"3e2d79c6\" data-element_type=\"widget\" data-settings=\"{&quot;_animation&quot;:&quot;fadeIn&quot;,&quot;_animation_delay&quot;:200}\" data-widget_type=\"button.default\">\n\t\t\t\t<div class=\"elementor-widget-container\">\n\t\t\t\t\t\t\t\t\t<div class=\"elementor-button-wrapper\">\n\t\t\t\t\t<a class=\"elementor-button elementor-button-link elementor-size-sm\" href=\"https:\/\/guclumimarlik.com\/index.php\/hizmetlerimiz\/\">\n\t\t\t\t\t\t<span class=\"elementor-button-content-wrapper\">\n\t\t\t\t\t\t<span class=\"elementor-button-icon\">\n\t\t\t\t<i aria-hidden=\"true\" class=\"icon icon-right-arrow\"><\/i>\t\t\t<\/span>\n\t\t\t\t\t\t\t\t\t<span class=\"elementor-button-text\">Bilgi AL<\/span>\n\t\t\t\t\t<\/span>\n\t\t\t\t\t<\/a>\n\t\t\t\t<\/div>\n\t\t\t\t\t\t\t\t<\/div>\n\t\t\t\t<\/div>\n\t\t\t\t\t<\/div>\n\t\t<\/div>\n\t\t\t\t\t<\/div>\n\t\t<\/section>\n\t\t\t\t<section class=\"elementor-section elementor-top-section elementor-element elementor-element-1e9420c3 elementor-section-boxed elementor-section-height-default elementor-section-height-default\" data-id=\"1e9420c3\" data-element_type=\"section\">\n\t\t\t\t\t\t<div class=\"elementor-container elementor-column-gap-default\">\n\t\t\t\t\t<div class=\"elementor-column elementor-col-100 elementor-top-column elementor-element elementor-element-af40b98\" data-id=\"af40b98\" data-element_type=\"column\">\n\t\t\t<div class=\"elementor-widget-wrap elementor-element-populated\">\n\t\t\t\t\t\t<div class=\"elementor-element elementor-element-28791bad elementor-widget__width-initial elementor-widget-mobile__width-inherit elementor-invisible elementor-widget elementor-widget-elementskit-heading\" data-id=\"28791bad\" data-element_type=\"widget\" data-settings=\"{&quot;_animation&quot;:&quot;fadeIn&quot;,&quot;_animation_delay&quot;:200}\" data-widget_type=\"elementskit-heading.default\">\n\t\t\t\t<div class=\"elementor-widget-container\">\n\t\t\t\t\t<div class=\"ekit-wid-con\" ><div class=\"ekit-heading elementskit-section-title-wraper text_left   ekit_heading_tablet-   ekit_heading_mobile-\"><h2 class=\"ekit-heading--title elementskit-section-title \">Mimarl\u0131k ve \u0130n\u015faat<\/h2><\/div><\/div>\t\t\t\t<\/div>\n\t\t\t\t<\/div>\n\t\t\t\t<section class=\"elementor-section elementor-inner-section elementor-element elementor-element-506ec249 elementor-section-boxed elementor-section-height-default elementor-section-height-default\" data-id=\"506ec249\" data-element_type=\"section\">\n\t\t\t\t\t\t<div class=\"elementor-container elementor-column-gap-default\">\n\t\t\t\t\t<div class=\"elementor-column elementor-col-33 elementor-inner-column elementor-element elementor-element-2da00718 elementor-invisible\" data-id=\"2da00718\" data-element_type=\"column\" data-settings=\"{&quot;animation&quot;:&quot;fadeIn&quot;,&quot;animation_delay&quot;:400}\">\n\t\t\t<div class=\"elementor-widget-wrap elementor-element-populated\">\n\t\t\t\t\t\t<div class=\"elementor-element elementor-element-370dd8c elementor-widget elementor-widget-elementskit-header-info\" data-id=\"370dd8c\" data-element_type=\"widget\" data-widget_type=\"elementskit-header-info.default\">\n\t\t\t\t<div class=\"elementor-widget-container\">\n\t\t\t\t\t<div class=\"ekit-wid-con\" >        <ul class=\"ekit-header-info\">\n                                    <li>\n                            <a > \n                                <i aria-hidden=\"true\" class=\"icon icon-cursor\"><\/i>                                Zemin ve Statik Uygunluk                            <\/a>\n                        <\/li>\n\n                            <\/ul>\n        <\/div>\t\t\t\t<\/div>\n\t\t\t\t<\/div>\n\t\t\t\t<div class=\"elementor-element elementor-element-21072d17 elementor-widget elementor-widget-text-editor\" data-id=\"21072d17\" data-element_type=\"widget\" data-widget_type=\"text-editor.default\">\n\t\t\t\t<div class=\"elementor-widget-container\">\n\t\t\t\t\t\t\t\t\t<p>Yap\u0131n\u0131n temeli, zemin et\u00fcd\u00fc ve statik hesaplamalar \u00fczerine g\u00fcvenle in\u015fa edilmelidir.<\/p>\t\t\t\t\t\t\t\t<\/div>\n\t\t\t\t<\/div>\n\t\t\t\t\t<\/div>\n\t\t<\/div>\n\t\t\t\t<div class=\"elementor-column elementor-col-33 elementor-inner-column elementor-element elementor-element-7951079a elementor-invisible\" data-id=\"7951079a\" data-element_type=\"column\" data-settings=\"{&quot;animation&quot;:&quot;fadeIn&quot;,&quot;animation_delay&quot;:500}\">\n\t\t\t<div class=\"elementor-widget-wrap elementor-element-populated\">\n\t\t\t\t\t\t<div class=\"elementor-element elementor-element-ab5ee0a elementor-widget elementor-widget-elementskit-header-info\" data-id=\"ab5ee0a\" data-element_type=\"widget\" data-widget_type=\"elementskit-header-info.default\">\n\t\t\t\t<div class=\"elementor-widget-container\">\n\t\t\t\t\t<div class=\"ekit-wid-con\" >        <ul class=\"ekit-header-info\">\n                                    <li>\n                            <a > \n                                <i aria-hidden=\"true\" class=\"icon icon-book\"><\/i>                                Fonksiyonel Alan Planlamas\u0131                            <\/a>\n                        <\/li>\n\n                            <\/ul>\n        <\/div>\t\t\t\t<\/div>\n\t\t\t\t<\/div>\n\t\t\t\t<div class=\"elementor-element elementor-element-6a34659d elementor-widget elementor-widget-text-editor\" data-id=\"6a34659d\" data-element_type=\"widget\" data-widget_type=\"text-editor.default\">\n\t\t\t\t<div class=\"elementor-widget-container\">\n\t\t\t\t\t\t\t\t\t<p>Kullan\u0131c\u0131 ihtiya\u00e7lar\u0131na g\u00f6re do\u011fru hacim organizasyonu ve alan da\u011f\u0131l\u0131m\u0131 sa\u011flanmal\u0131d\u0131r.<\/p>\t\t\t\t\t\t\t\t<\/div>\n\t\t\t\t<\/div>\n\t\t\t\t\t<\/div>\n\t\t<\/div>\n\t\t\t\t<div class=\"elementor-column elementor-col-33 elementor-inner-column elementor-element elementor-element-22ecefd5 elementor-invisible\" data-id=\"22ecefd5\" data-element_type=\"column\" data-settings=\"{&quot;animation&quot;:&quot;fadeIn&quot;,&quot;animation_delay&quot;:600}\">\n\t\t\t<div class=\"elementor-widget-wrap elementor-element-populated\">\n\t\t\t\t\t\t<div class=\"elementor-element elementor-element-6870f209 elementor-widget elementor-widget-elementskit-header-info\" data-id=\"6870f209\" data-element_type=\"widget\" data-widget_type=\"elementskit-header-info.default\">\n\t\t\t\t<div class=\"elementor-widget-container\">\n\t\t\t\t\t<div class=\"ekit-wid-con\" >        <ul class=\"ekit-header-info\">\n                                    <li>\n                            <a > \n                                <i aria-hidden=\"true\" class=\"icon icon-lock\"><\/i>                                Malzeme Kalitesi ve Se\u00e7imi                            <\/a>\n                        <\/li>\n\n                            <\/ul>\n        <\/div>\t\t\t\t<\/div>\n\t\t\t\t<\/div>\n\t\t\t\t<div class=\"elementor-element elementor-element-41b9ead9 elementor-widget elementor-widget-text-editor\" data-id=\"41b9ead9\" data-element_type=\"widget\" data-widget_type=\"text-editor.default\">\n\t\t\t\t<div class=\"elementor-widget-container\">\n\t\t\t\t\t\t\t\t\t<p>Yap\u0131 \u00f6mr\u00fcn\u00fc etkileyen t\u00fcm malzemeler teknik \u00f6zelliklere uygun, sertifikal\u0131 ve s\u00fcrd\u00fcr\u00fclebilir olmal\u0131d\u0131r.<\/p>\t\t\t\t\t\t\t\t<\/div>\n\t\t\t\t<\/div>\n\t\t\t\t\t<\/div>\n\t\t<\/div>\n\t\t\t\t\t<\/div>\n\t\t<\/section>\n\t\t\t\t<section class=\"elementor-section elementor-inner-section elementor-element elementor-element-3c56b4dd elementor-section-boxed elementor-section-height-default elementor-section-height-default\" data-id=\"3c56b4dd\" data-element_type=\"section\">\n\t\t\t\t\t\t<div class=\"elementor-container elementor-column-gap-default\">\n\t\t\t\t\t<div class=\"elementor-column elementor-col-33 elementor-inner-column elementor-element elementor-element-499fe25f elementor-invisible\" data-id=\"499fe25f\" data-element_type=\"column\" data-settings=\"{&quot;animation&quot;:&quot;fadeIn&quot;,&quot;animation_delay&quot;:400}\">\n\t\t\t<div class=\"elementor-widget-wrap elementor-element-populated\">\n\t\t\t\t\t\t<div class=\"elementor-element elementor-element-7a4cd8cc elementor-widget elementor-widget-elementskit-header-info\" data-id=\"7a4cd8cc\" data-element_type=\"widget\" data-widget_type=\"elementskit-header-info.default\">\n\t\t\t\t<div class=\"elementor-widget-container\">\n\t\t\t\t\t<div class=\"ekit-wid-con\" >        <ul class=\"ekit-header-info\">\n                                    <li>\n                            <a > \n                                <i aria-hidden=\"true\" class=\"icon icon-rocket\"><\/i>                                Yal\u0131t\u0131m ve Enerji Verimlili\u011fi                            <\/a>\n                        <\/li>\n\n                            <\/ul>\n        <\/div>\t\t\t\t<\/div>\n\t\t\t\t<\/div>\n\t\t\t\t<div class=\"elementor-element elementor-element-316b4621 elementor-widget elementor-widget-text-editor\" data-id=\"316b4621\" data-element_type=\"widget\" data-widget_type=\"text-editor.default\">\n\t\t\t\t<div class=\"elementor-widget-container\">\n\t\t\t\t\t\t\t\t\t<p>Is\u0131, ses ve su yal\u0131t\u0131m\u0131 projeye entegre edilmeli; enerji verimlili\u011fi g\u00f6zetilmelidir.<\/p>\t\t\t\t\t\t\t\t<\/div>\n\t\t\t\t<\/div>\n\t\t\t\t\t<\/div>\n\t\t<\/div>\n\t\t\t\t<div class=\"elementor-column elementor-col-33 elementor-inner-column elementor-element elementor-element-aebb5d8 elementor-invisible\" data-id=\"aebb5d8\" data-element_type=\"column\" data-settings=\"{&quot;animation&quot;:&quot;fadeIn&quot;,&quot;animation_delay&quot;:500}\">\n\t\t\t<div class=\"elementor-widget-wrap elementor-element-populated\">\n\t\t\t\t\t\t<div class=\"elementor-element elementor-element-689b6d5b elementor-widget elementor-widget-elementskit-header-info\" data-id=\"689b6d5b\" data-element_type=\"widget\" data-widget_type=\"elementskit-header-info.default\">\n\t\t\t\t<div class=\"elementor-widget-container\">\n\t\t\t\t\t<div class=\"ekit-wid-con\" >        <ul class=\"ekit-header-info\">\n                                    <li>\n                            <a > \n                                <i aria-hidden=\"true\" class=\"icon icon-eye2\"><\/i>                                \u0130n\u015faat S\u00fcreci Takibi ve Denetim                            <\/a>\n                        <\/li>\n\n                            <\/ul>\n        <\/div>\t\t\t\t<\/div>\n\t\t\t\t<\/div>\n\t\t\t\t<div class=\"elementor-element elementor-element-147717b8 elementor-widget elementor-widget-text-editor\" data-id=\"147717b8\" data-element_type=\"widget\" data-widget_type=\"text-editor.default\">\n\t\t\t\t<div class=\"elementor-widget-container\">\n\t\t\t\t\t\t\t\t\t<p>Uygulama a\u015famas\u0131nda kalite kontrol, i\u015f g\u00fcvenli\u011fi ve saha y\u00f6netimi titizlikle y\u00fcr\u00fct\u00fclmelidir.<\/p>\t\t\t\t\t\t\t\t<\/div>\n\t\t\t\t<\/div>\n\t\t\t\t\t<\/div>\n\t\t<\/div>\n\t\t\t\t<div class=\"elementor-column elementor-col-33 elementor-inner-column elementor-element elementor-element-66d54ba5 elementor-invisible\" data-id=\"66d54ba5\" data-element_type=\"column\" data-settings=\"{&quot;animation&quot;:&quot;fadeIn&quot;,&quot;animation_delay&quot;:600}\">\n\t\t\t<div class=\"elementor-widget-wrap elementor-element-populated\">\n\t\t\t\t\t\t<div class=\"elementor-element elementor-element-45b8dc08 elementor-widget elementor-widget-elementskit-header-info\" data-id=\"45b8dc08\" data-element_type=\"widget\" data-widget_type=\"elementskit-header-info.default\">\n\t\t\t\t<div class=\"elementor-widget-container\">\n\t\t\t\t\t<div class=\"ekit-wid-con\" >        <ul class=\"ekit-header-info\">\n                                    <li>\n                            <a > \n                                <i aria-hidden=\"true\" class=\"icon icon-hourglass\"><\/i>                                Yasal Uygunluk ve Ruhsatland\u0131rma                            <\/a>\n                        <\/li>\n\n                            <\/ul>\n        <\/div>\t\t\t\t<\/div>\n\t\t\t\t<\/div>\n\t\t\t\t<div class=\"elementor-element elementor-element-30a5c9a0 elementor-widget elementor-widget-text-editor\" data-id=\"30a5c9a0\" data-element_type=\"widget\" data-widget_type=\"text-editor.default\">\n\t\t\t\t<div class=\"elementor-widget-container\">\n\t\t\t\t\t\t\t\t\t<p>\u0130mar planlar\u0131, ruhsatlar ve mevzuata uygunluk projeye ba\u015flamadan netle\u015ftirilmelidir.<\/p>\t\t\t\t\t\t\t\t<\/div>\n\t\t\t\t<\/div>\n\t\t\t\t\t<\/div>\n\t\t<\/div>\n\t\t\t\t\t<\/div>\n\t\t<\/section>\n\t\t\t\t\t<\/div>\n\t\t<\/div>\n\t\t\t\t\t<\/div>\n\t\t<\/section>\n\t\t\t\t<\/div>\n\t\t","protected":false},"excerpt":{"rendered":"<p>Kurumsal Ana Sayfa Kurumsal G\u00fc\u00e7l\u00fc Mimarl\u0131k G\u00fc\u00e7l\u00fc Mimarl\u0131k, yenilik\u00e7i tasar\u0131m anlay\u0131\u015f\u0131 ve m\u00fchendislik disipliniyle 2000\u2019li y\u0131llardan bu yana mimarl\u0131k ve in\u015faat sekt\u00f6r\u00fcnde faaliyet g\u00f6stermektedir. Merkezi \u0130stanbul\u2019da bulunan firmam\u0131z; ba\u015fta konut, villa, ticari yap\u0131lar ve karma projeler olmak \u00fczere, \u00e7a\u011fda\u015f, estetik ve s\u00fcrd\u00fcr\u00fclebilir yap\u0131lar in\u015fa etmeyi&hellip;<\/p>\n","protected":false},"author":1,"featured_media":0,"parent":0,"menu_order":0,"comment_status":"closed","ping_status":"closed","template":"elementor_canvas","meta":{"footnotes":""},"class_list":["post-179","page","type-page","status-publish","hentry"],"_links":{"self":[{"href":"https:\/\/guclumimarlik.com\/index.php\/wp-json\/wp\/v2\/pages\/179","targetHints":{"allow":["GET"]}}],"collection":[{"href":"https:\/\/guclumimarlik.com\/index.php\/wp-json\/wp\/v2\/pages"}],"about":[{"href":"https:\/\/guclumimarlik.com\/index.php\/wp-json\/wp\/v2\/types\/page"}],"author":[{"embeddable":true,"href":"https:\/\/guclumimarlik.com\/index.php\/wp-json\/wp\/v2\/users\/1"}],"replies":[{"embeddable":true,"href":"https:\/\/guclumimarlik.com\/index.php\/wp-json\/wp\/v2\/comments?post=179"}],"version-history":[{"count":64,"href":"https:\/\/guclumimarlik.com\/index.php\/wp-json\/wp\/v2\/pages\/179\/revisions"}],"predecessor-version":[{"id":1559,"href":"https:\/\/guclumimarlik.com\/index.php\/wp-json\/wp\/v2\/pages\/179\/revisions\/1559"}],"wp:attachment":[{"href":"https:\/\/guclumimarlik.com\/index.php\/wp-json\/wp\/v2\/media?parent=179"}],"curies":[{"name":"wp","href":"https:\/\/api.w.org\/{rel}","templated":true}]}}