{"id":8,"date":"2025-05-19T21:35:39","date_gmt":"2025-05-19T21:35:39","guid":{"rendered":"https:\/\/guclumimarlik.com\/?page_id=8"},"modified":"2025-06-08T22:27:19","modified_gmt":"2025-06-08T22:27:19","slug":"ana-sayfa","status":"publish","type":"page","link":"https:\/\/guclumimarlik.com\/","title":{"rendered":"Ana Sayfa"},"content":{"rendered":"\t\t<div data-elementor-type=\"wp-page\" data-elementor-id=\"8\" class=\"elementor elementor-8\">\n\t\t\t\t\t\t<section class=\"elementor-section elementor-top-section elementor-element elementor-element-69749db8 elementor-section-stretched elementor-section-full_width elementor-section-height-min-height elementor-section-height-default elementor-section-items-middle\" data-id=\"69749db8\" data-element_type=\"section\" data-settings=\"{&quot;background_background&quot;:&quot;slideshow&quot;,&quot;background_slideshow_gallery&quot;:[{&quot;id&quot;:846,&quot;url&quot;:&quot;https:\\\/\\\/guclumimarlik.com\\\/wp-content\\\/uploads\\\/2025\\\/06\\\/Adsiz-tasarim-2025-06-05T165625.416.png&quot;},{&quot;id&quot;:852,&quot;url&quot;:&quot;https:\\\/\\\/guclumimarlik.com\\\/wp-content\\\/uploads\\\/2025\\\/06\\\/Adsiz-tasarim-2025-06-05T170116.707.png&quot;},{&quot;id&quot;:853,&quot;url&quot;:&quot;https:\\\/\\\/guclumimarlik.com\\\/wp-content\\\/uploads\\\/2025\\\/06\\\/Adsiz-tasarim-2025-06-05T170101.098.png&quot;},{&quot;id&quot;:847,&quot;url&quot;:&quot;https:\\\/\\\/guclumimarlik.com\\\/wp-content\\\/uploads\\\/2025\\\/06\\\/Adsiz-tasarim-2025-06-05T165526.746.png&quot;}],&quot;stretch_section&quot;:&quot;section-stretched&quot;,&quot;background_slideshow_slide_duration&quot;:2000,&quot;background_slideshow_lazyload&quot;:&quot;yes&quot;,&quot;background_slideshow_loop&quot;:&quot;yes&quot;,&quot;background_slideshow_slide_transition&quot;:&quot;fade&quot;,&quot;background_slideshow_transition_duration&quot;:500}\">\n\t\t\t\t\t\t\t<div class=\"elementor-background-overlay\"><\/div>\n\t\t\t\t\t\t\t<div class=\"elementor-container elementor-column-gap-default\">\n\t\t\t\t\t<div class=\"elementor-column elementor-col-33 elementor-top-column elementor-element elementor-element-3206e1c elementor-hidden-mobile\" data-id=\"3206e1c\" data-element_type=\"column\">\n\t\t\t<div class=\"elementor-widget-wrap elementor-element-populated\">\n\t\t\t\t\t\t<div class=\"elementor-element elementor-element-20c3e1e elementor-widget__width-auto elementor-hidden-mobile elementor-widget elementor-widget-heading\" data-id=\"20c3e1e\" data-element_type=\"widget\" data-widget_type=\"heading.default\">\n\t\t\t\t<div class=\"elementor-widget-container\">\n\t\t\t\t\t<h2 class=\"elementor-heading-title elementor-size-default\">HAYAL ET<\/h2>\t\t\t\t<\/div>\n\t\t\t\t<\/div>\n\t\t\t\t\t<\/div>\n\t\t<\/div>\n\t\t\t\t<div class=\"elementor-column elementor-col-33 elementor-top-column elementor-element elementor-element-7f48bc6\" data-id=\"7f48bc6\" data-element_type=\"column\">\n\t\t\t<div class=\"elementor-widget-wrap elementor-element-populated\">\n\t\t\t\t\t\t<div class=\"elementor-element elementor-element-b56eecd elementor-widget elementor-widget-image\" data-id=\"b56eecd\" data-element_type=\"widget\" data-widget_type=\"image.default\">\n\t\t\t\t<div class=\"elementor-widget-container\">\n\t\t\t\t\t\t\t\t\t\t\t\t\t\t\t<img fetchpriority=\"high\" decoding=\"async\" width=\"400\" height=\"300\" src=\"https:\/\/guclumimarlik.com\/wp-content\/uploads\/2025\/05\/GUCLU-MIMARLIK-1-1.png\" class=\"attachment-large size-large wp-image-814\" alt=\"\" srcset=\"https:\/\/guclumimarlik.com\/wp-content\/uploads\/2025\/05\/GUCLU-MIMARLIK-1-1.png 400w, https:\/\/guclumimarlik.com\/wp-content\/uploads\/2025\/05\/GUCLU-MIMARLIK-1-1-300x225.png 300w\" sizes=\"(max-width: 400px) 100vw, 400px\" \/>\t\t\t\t\t\t\t\t\t\t\t\t\t\t\t<\/div>\n\t\t\t\t<\/div>\n\t\t\t\t<div class=\"elementor-element elementor-element-f89a261 elementor-widget elementor-widget-premium-addon-button\" data-id=\"f89a261\" data-element_type=\"widget\" data-widget_type=\"premium-addon-button.default\">\n\t\t\t\t<div class=\"elementor-widget-container\">\n\t\t\t\t\t\r\n\r\n\t\t<a class=\"premium-button premium-button-none premium-btn-lg premium-button-none\" href=\"https:\/\/guclumimarlik.com\/index.php\/hizmetlerimiz\/\">\r\n\t\t\t<div class=\"premium-button-text-icon-wrapper\">\r\n\t\t\t\t\r\n\t\t\t\t\t\t\t\t\t<span >\r\n\t\t\t\t\t\tBA\u015eLA\t\t\t\t\t<\/span>\r\n\t\t\t\t\r\n\t\t\t\t\t\t\t<\/div>\r\n\r\n\t\t\t\r\n\t\t\t\r\n\t\t\t\r\n\t\t<\/a>\r\n\r\n\r\n\t\t\t\t\t\t<\/div>\n\t\t\t\t<\/div>\n\t\t\t\t\t<\/div>\n\t\t<\/div>\n\t\t\t\t<div class=\"elementor-column elementor-col-33 elementor-top-column elementor-element elementor-element-699cb1e elementor-hidden-mobile\" data-id=\"699cb1e\" data-element_type=\"column\">\n\t\t\t<div class=\"elementor-widget-wrap elementor-element-populated\">\n\t\t\t\t\t\t<div class=\"elementor-element elementor-element-bfbb48a elementor-widget__width-auto elementor-hidden-mobile elementor-widget elementor-widget-heading\" data-id=\"bfbb48a\" data-element_type=\"widget\" data-widget_type=\"heading.default\">\n\t\t\t\t<div class=\"elementor-widget-container\">\n\t\t\t\t\t<h2 class=\"elementor-heading-title elementor-size-default\">\u0130n\u015fa Edelim!<\/h2>\t\t\t\t<\/div>\n\t\t\t\t<\/div>\n\t\t\t\t\t<\/div>\n\t\t<\/div>\n\t\t\t\t\t<\/div>\n\t\t<\/section>\n\t\t\t\t<section class=\"elementor-section elementor-top-section elementor-element elementor-element-5bede0da elementor-section-content-middle elementor-section-boxed elementor-section-height-default elementor-section-height-default\" data-id=\"5bede0da\" data-element_type=\"section\" data-settings=\"{&quot;background_background&quot;:&quot;classic&quot;}\">\n\t\t\t\t\t\t<div class=\"elementor-container elementor-column-gap-default\">\n\t\t\t\t\t<div class=\"elementor-column elementor-col-100 elementor-top-column elementor-element elementor-element-1b0b4f9f\" data-id=\"1b0b4f9f\" data-element_type=\"column\">\n\t\t\t<div class=\"elementor-widget-wrap elementor-element-populated\">\n\t\t\t\t\t\t<div class=\"elementor-element elementor-element-1e92319 elementor-widget elementor-widget-premium-addon-banner\" data-id=\"1e92319\" data-element_type=\"widget\" data-widget_type=\"premium-addon-banner.default\">\n\t\t\t\t<div class=\"elementor-widget-container\">\n\t\t\t\t\t\t\t<div class=\"premium-banner-ib premium-banner-min-height premium-banner-animation8 zoomout\">\r\n\t\t\t\t\t\t\t<div class=\"premium-banner-border\">\r\n\t\t\t\t\t<div class=\"premium-banner-br premium-banner-bleft premium-banner-brlr\"><\/div>\r\n\t\t\t\t\t<div class=\"premium-banner-br premium-banner-bright premium-banner-brlr\"><\/div>\r\n\t\t\t\t\t<div class=\"premium-banner-br premium-banner-btop premium-banner-brtb\"><\/div>\r\n\t\t\t\t\t<div class=\"premium-banner-br premium-banner-bottom premium-banner-brtb\"><\/div>\r\n\t\t\t\t<\/div>\r\n\t\t\t\t\t\t\t\t\t\t<img decoding=\"async\" width=\"1600\" height=\"900\" src=\"https:\/\/guclumimarlik.com\/wp-content\/uploads\/2025\/06\/WhatsApp-Gorsel-2025-06-05-saat-14.08.09_39c6199d.jpg\" class=\"attachment-full size-full wp-image-848\" alt=\"\" srcset=\"https:\/\/guclumimarlik.com\/wp-content\/uploads\/2025\/06\/WhatsApp-Gorsel-2025-06-05-saat-14.08.09_39c6199d.jpg 1600w, https:\/\/guclumimarlik.com\/wp-content\/uploads\/2025\/06\/WhatsApp-Gorsel-2025-06-05-saat-14.08.09_39c6199d-300x169.jpg 300w, https:\/\/guclumimarlik.com\/wp-content\/uploads\/2025\/06\/WhatsApp-Gorsel-2025-06-05-saat-14.08.09_39c6199d-1024x576.jpg 1024w, https:\/\/guclumimarlik.com\/wp-content\/uploads\/2025\/06\/WhatsApp-Gorsel-2025-06-05-saat-14.08.09_39c6199d-768x432.jpg 768w, https:\/\/guclumimarlik.com\/wp-content\/uploads\/2025\/06\/WhatsApp-Gorsel-2025-06-05-saat-14.08.09_39c6199d-1536x864.jpg 1536w\" sizes=\"(max-width: 1600px) 100vw, 1600px\" \/>\t\t\t\t\t\t\t\t\t<div class=\"premium-banner-ib-desc\">\r\n\t\t\t\t\t\t\t\t\t<h3 class=\"premium-banner-ib-title premium_banner_title\">\u00c7OK YAKINDA!<\/h3>\t\t\t\t\t\t<div class=\"premium-banner-ib-content premium_banner_content\">\r\n\t\t\t\t\t\t\t<p>G\u00fc\u00e7l\u00fc Mimarl\u0131k Olarak \u00c7ok yak\u0131nda Dar\u0131ca Bayramo\u011flunda Bulunan B\u00fcy\u00fck Projemizi sizlere Sunaca\u011f\u0131z.<\/p>\t\t\t\t\t\t<\/div>\r\n\t\t\t\t\t\t\t\t\t\t\t\t\t\t\t\t\t<\/div>\r\n\t\t\t\t\t\t\t<a href=\"https:\/\/guclumimarlik.com\/index.php\/hizmetlerimiz\/\" class=\"premium-banner-ib-link\"><\/a>\r\n\t\t\t\t\t<\/div>\r\n\t\t\t\t\t\t\t\t<\/div>\n\t\t\t\t<\/div>\n\t\t\t\t\t<\/div>\n\t\t<\/div>\n\t\t\t\t\t<\/div>\n\t\t<\/section>\n\t\t<div class=\"elementor-element elementor-element-1ea52e9 e-flex e-con-boxed e-con e-parent\" data-id=\"1ea52e9\" data-element_type=\"container\">\n\t\t\t\t\t<div class=\"e-con-inner\">\n\t\t<div class=\"elementor-element elementor-element-d95b986 e-con-full e-flex e-con e-child\" data-id=\"d95b986\" data-element_type=\"container\">\n\t\t\t\t<div class=\"elementor-element elementor-element-5eaf36d elementor-widget elementor-widget-image\" data-id=\"5eaf36d\" data-element_type=\"widget\" data-widget_type=\"image.default\">\n\t\t\t\t<div class=\"elementor-widget-container\">\n\t\t\t\t\t\t\t\t\t\t\t\t\t\t\t<img decoding=\"async\" width=\"847\" height=\"565\" src=\"https:\/\/guclumimarlik.com\/wp-content\/uploads\/2025\/06\/Adsiz-tasarim-88-1024x683.png\" class=\"attachment-large size-large wp-image-214\" alt=\"\" srcset=\"https:\/\/guclumimarlik.com\/wp-content\/uploads\/2025\/06\/Adsiz-tasarim-88-1024x683.png 1024w, https:\/\/guclumimarlik.com\/wp-content\/uploads\/2025\/06\/Adsiz-tasarim-88-300x200.png 300w, https:\/\/guclumimarlik.com\/wp-content\/uploads\/2025\/06\/Adsiz-tasarim-88-768x512.png 768w, https:\/\/guclumimarlik.com\/wp-content\/uploads\/2025\/06\/Adsiz-tasarim-88-1536x1024.png 1536w, https:\/\/guclumimarlik.com\/wp-content\/uploads\/2025\/06\/Adsiz-tasarim-88-2048x1365.png 2048w\" sizes=\"(max-width: 847px) 100vw, 847px\" \/>\t\t\t\t\t\t\t\t\t\t\t\t\t\t\t<\/div>\n\t\t\t\t<\/div>\n\t\t\t\t<\/div>\n\t\t<div class=\"elementor-element elementor-element-b6dddce e-con-full e-flex e-con e-child\" data-id=\"b6dddce\" data-element_type=\"container\">\n\t\t\t\t<div class=\"elementor-element elementor-element-403d951 elementor-widget__width-initial elementor-widget-mobile__width-inherit elementor-invisible elementor-widget elementor-widget-elementskit-heading\" data-id=\"403d951\" data-element_type=\"widget\" data-settings=\"{&quot;_animation&quot;:&quot;fadeIn&quot;,&quot;_animation_delay&quot;:200}\" data-widget_type=\"elementskit-heading.default\">\n\t\t\t\t<div class=\"elementor-widget-container\">\n\t\t\t\t\t<div class=\"ekit-wid-con\" ><div class=\"ekit-heading elementskit-section-title-wraper text_left   ekit_heading_tablet-   ekit_heading_mobile-\"><h2 class=\"ekit-heading--title elementskit-section-title  ekit-heading__title-has-border end\">25 Y\u0131ll\u0131k Tecr\u00fcbenin Getirdi\u011fi G\u00fc\u00e7<\/h2><h3 class=\"ekit-heading--subtitle elementskit-section-subtitle  \">\n\t\t\t\t\t\t G\u00fcvenle \u0130n\u015fa Ediyoruz\n\t\t\t\t\t<\/h3><\/div><\/div>\t\t\t\t<\/div>\n\t\t\t\t<\/div>\n\t\t\t\t<div class=\"elementor-element elementor-element-2883c25 elementor-widget elementor-widget-text-editor\" data-id=\"2883c25\" data-element_type=\"widget\" data-widget_type=\"text-editor.default\">\n\t\t\t\t<div class=\"elementor-widget-container\">\n\t\t\t\t\t\t\t\t\t<p>G\u00fc\u00e7l\u00fc Mimarl\u0131k &amp; \u0130n\u015faat olarak, 25 y\u0131l\u0131 a\u015fk\u0131n s\u00fcredir estetik, sa\u011flaml\u0131k ve fonksiyonelli\u011fi bir araya getiriyoruz. Her projeye y\u0131llar\u0131n deneyimiyle de\u011fer kat\u0131yor, g\u00fcven in\u015fa ediyoruz. Ge\u00e7mi\u015ften ald\u0131\u011f\u0131m\u0131z g\u00fc\u00e7le, gelece\u011fin yap\u0131lar\u0131n\u0131 birlikte \u015fekillendiriyoruz.<\/p>\t\t\t\t\t\t\t\t<\/div>\n\t\t\t\t<\/div>\n\t\t\t\t<\/div>\n\t\t\t\t\t<\/div>\n\t\t\t\t<\/div>\n\t\t\t\t<section class=\"elementor-section elementor-top-section elementor-element elementor-element-57fadf65 elementor-section-boxed elementor-section-height-default elementor-section-height-default\" data-id=\"57fadf65\" data-element_type=\"section\">\n\t\t\t\t\t\t<div class=\"elementor-container elementor-column-gap-default\">\n\t\t\t\t\t<div class=\"elementor-column elementor-col-33 elementor-top-column elementor-element elementor-element-4c9b502c elementor-invisible\" data-id=\"4c9b502c\" data-element_type=\"column\" data-settings=\"{&quot;animation&quot;:&quot;fadeIn&quot;}\">\n\t\t\t<div class=\"elementor-widget-wrap elementor-element-populated\">\n\t\t\t\t\t\t<div class=\"elementor-element elementor-element-5c7966a4 elementor-widget elementor-widget-counter\" data-id=\"5c7966a4\" data-element_type=\"widget\" data-widget_type=\"counter.default\">\n\t\t\t\t<div class=\"elementor-widget-container\">\n\t\t\t\t\t\t\t<div class=\"elementor-counter\">\n\t\t\t<div class=\"elementor-counter-title\">Dan\u0131\u015fmanl\u0131k<\/div>\t\t\t<div class=\"elementor-counter-number-wrapper\">\n\t\t\t\t<span class=\"elementor-counter-number-prefix\"><\/span>\n\t\t\t\t<span class=\"elementor-counter-number\" data-duration=\"2000\" data-to-value=\"25\" data-from-value=\"0\" data-delimiter=\",\">0<\/span>\n\t\t\t\t<span class=\"elementor-counter-number-suffix\">+<\/span>\n\t\t\t<\/div>\n\t\t<\/div>\n\t\t\t\t\t\t<\/div>\n\t\t\t\t<\/div>\n\t\t\t\t\t<\/div>\n\t\t<\/div>\n\t\t\t\t<div class=\"elementor-column elementor-col-33 elementor-top-column elementor-element elementor-element-21e5046d elementor-invisible\" data-id=\"21e5046d\" data-element_type=\"column\" data-settings=\"{&quot;animation&quot;:&quot;fadeIn&quot;,&quot;animation_delay&quot;:100}\">\n\t\t\t<div class=\"elementor-widget-wrap elementor-element-populated\">\n\t\t\t\t\t\t<div class=\"elementor-element elementor-element-11f1bd6b elementor-widget elementor-widget-counter\" data-id=\"11f1bd6b\" data-element_type=\"widget\" data-widget_type=\"counter.default\">\n\t\t\t\t<div class=\"elementor-widget-container\">\n\t\t\t\t\t\t\t<div class=\"elementor-counter\">\n\t\t\t<div class=\"elementor-counter-title\">Mimari \u00e7\u00f6z\u00fcmler<\/div>\t\t\t<div class=\"elementor-counter-number-wrapper\">\n\t\t\t\t<span class=\"elementor-counter-number-prefix\"><\/span>\n\t\t\t\t<span class=\"elementor-counter-number\" data-duration=\"2000\" data-to-value=\"600\" data-from-value=\"0\" data-delimiter=\",\">0<\/span>\n\t\t\t\t<span class=\"elementor-counter-number-suffix\">+<\/span>\n\t\t\t<\/div>\n\t\t<\/div>\n\t\t\t\t\t\t<\/div>\n\t\t\t\t<\/div>\n\t\t\t\t\t<\/div>\n\t\t<\/div>\n\t\t\t\t<div class=\"elementor-column elementor-col-33 elementor-top-column elementor-element elementor-element-37f81441 elementor-invisible\" data-id=\"37f81441\" data-element_type=\"column\" data-settings=\"{&quot;animation&quot;:&quot;fadeIn&quot;,&quot;animation_delay&quot;:200}\">\n\t\t\t<div class=\"elementor-widget-wrap elementor-element-populated\">\n\t\t\t\t\t\t<div class=\"elementor-element elementor-element-6e68ba39 elementor-widget elementor-widget-counter\" data-id=\"6e68ba39\" data-element_type=\"widget\" data-widget_type=\"counter.default\">\n\t\t\t\t<div class=\"elementor-widget-container\">\n\t\t\t\t\t\t\t<div class=\"elementor-counter\">\n\t\t\t<div class=\"elementor-counter-title\">Proje Teslim<\/div>\t\t\t<div class=\"elementor-counter-number-wrapper\">\n\t\t\t\t<span class=\"elementor-counter-number-prefix\"><\/span>\n\t\t\t\t<span class=\"elementor-counter-number\" data-duration=\"2000\" data-to-value=\"250\" data-from-value=\"0\" data-delimiter=\",\">0<\/span>\n\t\t\t\t<span class=\"elementor-counter-number-suffix\">+<\/span>\n\t\t\t<\/div>\n\t\t<\/div>\n\t\t\t\t\t\t<\/div>\n\t\t\t\t<\/div>\n\t\t\t\t\t<\/div>\n\t\t<\/div>\n\t\t\t\t\t<\/div>\n\t\t<\/section>\n\t\t\t\t<\/div>\n\t\t","protected":false},"excerpt":{"rendered":"<p>HAYAL ET BA\u015eLA \u0130n\u015fa Edelim! \u00c7OK YAKINDA! G\u00fc\u00e7l\u00fc Mimarl\u0131k Olarak \u00c7ok yak\u0131nda Dar\u0131ca Bayramo\u011flunda Bulunan B\u00fcy\u00fck Projemizi sizlere Sunaca\u011f\u0131z. 25 Y\u0131ll\u0131k Tecr\u00fcbenin Getirdi\u011fi G\u00fc\u00e7 G\u00fcvenle \u0130n\u015fa Ediyoruz G\u00fc\u00e7l\u00fc Mimarl\u0131k &amp; \u0130n\u015faat olarak, 25 y\u0131l\u0131 a\u015fk\u0131n s\u00fcredir estetik, sa\u011flaml\u0131k ve fonksiyonelli\u011fi bir araya getiriyoruz. Her projeye&hellip;<\/p>\n","protected":false},"author":1,"featured_media":0,"parent":0,"menu_order":0,"comment_status":"closed","ping_status":"closed","template":"elementor_canvas","meta":{"footnotes":""},"class_list":["post-8","page","type-page","status-publish","hentry"],"_links":{"self":[{"href":"https:\/\/guclumimarlik.com\/index.php\/wp-json\/wp\/v2\/pages\/8","targetHints":{"allow":["GET"]}}],"collection":[{"href":"https:\/\/guclumimarlik.com\/index.php\/wp-json\/wp\/v2\/pages"}],"about":[{"href":"https:\/\/guclumimarlik.com\/index.php\/wp-json\/wp\/v2\/types\/page"}],"author":[{"embeddable":true,"href":"https:\/\/guclumimarlik.com\/index.php\/wp-json\/wp\/v2\/users\/1"}],"replies":[{"embeddable":true,"href":"https:\/\/guclumimarlik.com\/index.php\/wp-json\/wp\/v2\/comments?post=8"}],"version-history":[{"count":439,"href":"https:\/\/guclumimarlik.com\/index.php\/wp-json\/wp\/v2\/pages\/8\/revisions"}],"predecessor-version":[{"id":1552,"href":"https:\/\/guclumimarlik.com\/index.php\/wp-json\/wp\/v2\/pages\/8\/revisions\/1552"}],"wp:attachment":[{"href":"https:\/\/guclumimarlik.com\/index.php\/wp-json\/wp\/v2\/media?parent=8"}],"curies":[{"name":"wp","href":"https:\/\/api.w.org\/{rel}","templated":true}]}}